{"id":680,"date":"2024-09-12T15:14:15","date_gmt":"2024-09-12T15:14:15","guid":{"rendered":"https:\/\/gabinetedepsicologiafuerteventura.com\/?page_id=680"},"modified":"2024-10-31T21:41:31","modified_gmt":"2024-10-31T21:41:31","slug":"nuestro-centro","status":"publish","type":"page","link":"https:\/\/gabinetedepsicologiafuerteventura.com\/en\/nuestro-centro\/","title":{"rendered":"Nuestro centro"},"content":{"rendered":"<div data-elementor-type=\"wp-page\" data-elementor-id=\"680\" class=\"elementor elementor-680\" data-elementor-post-type=\"page\">\n\t\t\t\t\t\t<section class=\"elementor-section elementor-top-section elementor-element elementor-element-9d73889 elementor-section-boxed elementor-section-height-default elementor-section-height-default\" data-id=\"9d73889\" data-element_type=\"section\" data-e-type=\"section\" data-settings=\"{&quot;background_background&quot;:&quot;classic&quot;}\">\n\t\t\t\t\t\t<div class=\"elementor-container elementor-column-gap-default\">\n\t\t\t\t\t<div class=\"elementor-column elementor-col-100 elementor-top-column elementor-element elementor-element-57aee25\" data-id=\"57aee25\" data-element_type=\"column\" data-e-type=\"column\">\n\t\t\t<div class=\"elementor-widget-wrap elementor-element-populated\">\n\t\t\t\t\t\t\t<\/div>\n\t\t<\/div>\n\t\t\t\t\t<\/div>\n\t\t<\/section>\n\t\t<div class=\"elementor-element elementor-element-262b9fa e-flex e-con-boxed e-con e-parent\" data-id=\"262b9fa\" data-element_type=\"container\" data-e-type=\"container\">\n\t\t\t\t\t<div class=\"e-con-inner\">\n\t\t<div class=\"elementor-element elementor-element-d824e2d e-con-full e-flex e-con e-child\" data-id=\"d824e2d\" data-element_type=\"container\" data-e-type=\"container\">\n\t\t\t\t<div class=\"elementor-element elementor-element-8b70024 elementor-widget elementor-widget-text-editor\" data-id=\"8b70024\" data-element_type=\"widget\" data-e-type=\"widget\" data-widget_type=\"text-editor.default\">\n\t\t\t\t<div class=\"elementor-widget-container\">\n\t\t\t\t\t\t\t\t\t<p><span style=\"font-weight: 400;\">En el Gabinete de Psicolog\u00eda Fuerteventura, creemos que la salud mental es fundamental para el bienestar general. Nuestro centro est\u00e1 ubicado en una zona c\u00e9ntrica de Puerto del Rosario, en el moderno edificio Ori\u00f3n. Este espacio ha sido dise\u00f1ado para ofrecer discreci\u00f3n y gran accesibilidad, con rampa y ascensor disponibles.<\/span><\/p><p><span style=\"font-weight: 400;\">Con 88 metros cuadrados y tres despachos, nuestras instalaciones est\u00e1n equipadas con ba\u00f1o y un peque\u00f1o staff. Disfrutamos de amplias vistas hacia la ciudad y el mar, lo que proporciona una luminosidad ideal para las sesiones. Todas las salas cuentan con aire acondicionado, garantizando un ambiente c\u00f3modo.<\/span><\/p><p><span style=\"font-weight: 400;\">Adem\u00e1s, hemos creado rincones especiales para que los ni\u00f1os y ni\u00f1as puedan jugar y pintar, as\u00ed como una selecci\u00f3n de libros y revistas para todas las edades que nuestros visitantes pueden consultar.<\/span><\/p>\t\t\t\t\t\t\t\t<\/div>\n\t\t\t\t<\/div>\n\t\t\t\t<\/div>\n\t\t\t\t\t<\/div>\n\t\t\t\t<\/div>\n\t\t<div class=\"elementor-element elementor-element-e7bed59 e-con-full e-flex e-con e-parent\" data-id=\"e7bed59\" data-element_type=\"container\" data-e-type=\"container\">\n\t\t\t\t<div class=\"elementor-element elementor-element-e507709 elementor-widget__width-initial elementor-widget-mobile__width-inherit elementor-view-default elementor-position-block-start elementor-mobile-position-block-start elementor-widget elementor-widget-icon-box\" data-id=\"e507709\" data-element_type=\"widget\" data-e-type=\"widget\" data-widget_type=\"icon-box.default\">\n\t\t\t\t<div class=\"elementor-widget-container\">\n\t\t\t\t\t\t\t<div class=\"elementor-icon-box-wrapper\">\n\n\t\t\t\t\t\t<div class=\"elementor-icon-box-icon\">\n\t\t\t\t<span  class=\"elementor-icon\">\n\t\t\t\t<i aria-hidden=\"true\" class=\"fas fa-map-marker-alt\"><\/i>\t\t\t\t<\/span>\n\t\t\t<\/div>\n\t\t\t\n\t\t\t\t\t\t<div class=\"elementor-icon-box-content\">\n\n\t\t\t\t\t\t\t\t\t<h3 class=\"elementor-icon-box-title\">\n\t\t\t\t\t\t<span  >\n\t\t\t\t\t\t\tUbicaci\u00f3n: \t\t\t\t\t\t<\/span>\n\t\t\t\t\t<\/h3>\n\t\t\t\t\n\t\t\t\t\t\t\t\t\t<p class=\"elementor-icon-box-description\">\n\t\t\t\t\t\tCalle Barranco Pil\u00f3n N\u00ba 7B, Edificio Ori\u00f3n, Planta 2, Oficina 1, Puerto del Rosario\n\n\t\t\t\t\t<\/p>\n\t\t\t\t\n\t\t\t<\/div>\n\t\t\t\n\t\t<\/div>\n\t\t\t\t\t\t<\/div>\n\t\t\t\t<\/div>\n\t\t\t\t<div class=\"elementor-element elementor-element-30dd223 elementor-widget elementor-widget-google_maps\" data-id=\"30dd223\" data-element_type=\"widget\" data-e-type=\"widget\" data-widget_type=\"google_maps.default\">\n\t\t\t\t<div class=\"elementor-widget-container\">\n\t\t\t\t\t\t\t<div class=\"elementor-custom-embed\">\n\t\t\t<iframe loading=\"lazy\"\n\t\t\t\t\tsrc=\"https:\/\/maps.google.com\/maps?q=C%2F%20Barranco%20Pil%C3%B3n%207-B%2C%202%C2%AA%20planta%2C%20oficina%206.%20Puerto%20del%20Rosario.%20Fuerteventura&#038;t=m&#038;z=15&#038;output=embed&#038;iwloc=near\"\n\t\t\t\t\ttitle=\"C\/ Barranco Pil\u00f3n 7-B, 2\u00aa planta, oficina 6. Puerto del Rosario. Fuerteventura\"\n\t\t\t\t\taria-label=\"C\/ Barranco Pil\u00f3n 7-B, 2\u00aa planta, oficina 6. Puerto del Rosario. Fuerteventura\"\n\t\t\t><\/iframe>\n\t\t<\/div>\n\t\t\t\t\t\t<\/div>\n\t\t\t\t<\/div>\n\t\t\t\t<\/div>\n\t\t\t\t<\/div>","protected":false},"excerpt":{"rendered":"<p>En el Gabinete de Psicolog\u00eda Fuerteventura, creemos que la salud mental es fundamental para el bienestar general. Nuestro centro est\u00e1 ubicado en una zona c\u00e9ntrica de Puerto del Rosario, en el moderno edificio Ori\u00f3n. Este espacio ha sido dise\u00f1ado para ofrecer discreci\u00f3n y gran accesibilidad, con rampa y ascensor disponibles. Con 88 metros cuadrados y [&hellip;]<\/p>\n","protected":false},"author":4,"featured_media":0,"parent":0,"menu_order":0,"comment_status":"closed","ping_status":"closed","template":"","meta":{"_acf_changed":false,"footnotes":""},"class_list":["post-680","page","type-page","status-publish","hentry"],"acf":[],"_links":{"self":[{"href":"https:\/\/gabinetedepsicologiafuerteventura.com\/en\/wp-json\/wp\/v2\/pages\/680","targetHints":{"allow":["GET"]}}],"collection":[{"href":"https:\/\/gabinetedepsicologiafuerteventura.com\/en\/wp-json\/wp\/v2\/pages"}],"about":[{"href":"https:\/\/gabinetedepsicologiafuerteventura.com\/en\/wp-json\/wp\/v2\/types\/page"}],"author":[{"embeddable":true,"href":"https:\/\/gabinetedepsicologiafuerteventura.com\/en\/wp-json\/wp\/v2\/users\/4"}],"replies":[{"embeddable":true,"href":"https:\/\/gabinetedepsicologiafuerteventura.com\/en\/wp-json\/wp\/v2\/comments?post=680"}],"version-history":[{"count":37,"href":"https:\/\/gabinetedepsicologiafuerteventura.com\/en\/wp-json\/wp\/v2\/pages\/680\/revisions"}],"predecessor-version":[{"id":1205,"href":"https:\/\/gabinetedepsicologiafuerteventura.com\/en\/wp-json\/wp\/v2\/pages\/680\/revisions\/1205"}],"wp:attachment":[{"href":"https:\/\/gabinetedepsicologiafuerteventura.com\/en\/wp-json\/wp\/v2\/media?parent=680"}],"curies":[{"name":"wp","href":"https:\/\/api.w.org\/{rel}","templated":true}]}}